{"id":2894,"date":"2022-12-07T15:57:39","date_gmt":"2022-12-07T18:57:39","guid":{"rendered":"https:\/\/crystaltest.canalcero.digital\/?page_id=2894"},"modified":"2023-02-21T15:05:54","modified_gmt":"2023-02-21T18:05:54","slug":"ip","status":"publish","type":"page","link":"https:\/\/crystaltest.canalcero.digital\/es\/ip\/","title":{"rendered":"Intellectual property"},"content":{"rendered":"\t\t<div data-elementor-type=\"wp-page\" data-elementor-id=\"2894\" class=\"elementor elementor-2894\">\n\t\t\t\t\t\t\t\t\t<section data-particle_enable=\"false\" data-particle-mobile-disabled=\"false\" class=\"elementor-section elementor-top-section elementor-element elementor-element-10bd3d9 elementor-section-full_width elementor-section-height-min-height elementor-section-height-default elementor-section-items-middle\" data-id=\"10bd3d9\" data-element_type=\"section\" id=\"btn-float\" data-settings=\"{&quot;background_background&quot;:&quot;classic&quot;}\">\n\t\t\t\t\t\t<div class=\"elementor-container elementor-column-gap-default\">\n\t\t\t\t\t<div class=\"elementor-column elementor-col-100 elementor-top-column elementor-element elementor-element-9b02f4f\" data-id=\"9b02f4f\" data-element_type=\"column\">\n\t\t\t<div class=\"elementor-widget-wrap elementor-element-populated\">\n\t\t\t\t\t\t\t\t<div class=\"elementor-element elementor-element-e53fb4d elementor-widget elementor-widget-heading\" data-id=\"e53fb4d\" data-element_type=\"widget\" data-widget_type=\"heading.default\">\n\t\t\t\t<div class=\"elementor-widget-container\">\n\t\t\t<style>\/*! elementor - v3.11.2 - 22-02-2023 *\/\n.elementor-heading-title{padding:0;margin:0;line-height:1}.elementor-widget-heading .elementor-heading-title[class*=elementor-size-]>a{color:inherit;font-size:inherit;line-height:inherit}.elementor-widget-heading .elementor-heading-title.elementor-size-small{font-size:15px}.elementor-widget-heading .elementor-heading-title.elementor-size-medium{font-size:19px}.elementor-widget-heading .elementor-heading-title.elementor-size-large{font-size:29px}.elementor-widget-heading .elementor-heading-title.elementor-size-xl{font-size:39px}.elementor-widget-heading .elementor-heading-title.elementor-size-xxl{font-size:59px}<\/style><h2 class=\"elementor-heading-title elementor-size-default\">Crystal Lagoons defiende intensivamente <br>\nsu propiedad intelectual\n<\/h2>\t\t<\/div>\n\t\t\t\t<\/div>\n\t\t\t\t<div class=\"elementor-element elementor-element-81e525f elementor-widget__width-initial elementor-absolute elementor-widget elementor-widget-image\" data-id=\"81e525f\" data-element_type=\"widget\" data-settings=\"{&quot;_position&quot;:&quot;absolute&quot;}\" data-widget_type=\"image.default\">\n\t\t\t\t<div class=\"elementor-widget-container\">\n\t\t\t<style>\/*! elementor - v3.11.2 - 22-02-2023 *\/\n.elementor-widget-image{text-align:center}.elementor-widget-image a{display:inline-block}.elementor-widget-image a img[src$=\".svg\"]{width:48px}.elementor-widget-image img{vertical-align:middle;display:inline-block}<\/style>\t\t\t\t\t\t\t\t\t\t\t\t<img loading=\"lazy\" decoding=\"async\" width=\"753\" height=\"225\" src=\"https:\/\/crystaltest.canalcero.digital\/wp-content\/uploads\/2022\/08\/Sello-Technology-Patents-Business-Method-Patents-OK-12-julio-2022-1.png\" class=\"attachment-large size-large wp-image-438\" alt=\"\" srcset=\"https:\/\/crystaltest.canalcero.digital\/wp-content\/uploads\/2022\/08\/Sello-Technology-Patents-Business-Method-Patents-OK-12-julio-2022-1.png 753w, https:\/\/crystaltest.canalcero.digital\/wp-content\/uploads\/2022\/08\/Sello-Technology-Patents-Business-Method-Patents-OK-12-julio-2022-1-300x90.png 300w\" sizes=\"auto, (max-width: 753px) 100vw, 753px\" \/>\t\t\t\t\t\t\t\t\t\t\t\t\t\t\t<\/div>\n\t\t\t\t<\/div>\n\t\t\t\t\t<\/div>\n\t\t<\/div>\n\t\t\t\t\t\t\t<\/div>\n\t\t<\/section>\n\t\t\t\t<section data-particle_enable=\"false\" data-particle-mobile-disabled=\"false\" class=\"elementor-section elementor-top-section elementor-element elementor-element-6d0cc73 elementor-section-boxed elementor-section-height-default elementor-section-height-default\" data-id=\"6d0cc73\" data-element_type=\"section\">\n\t\t\t\t\t\t<div class=\"elementor-container elementor-column-gap-default\">\n\t\t\t\t\t<div class=\"elementor-column elementor-col-100 elementor-top-column elementor-element elementor-element-a121dc7\" data-id=\"a121dc7\" data-element_type=\"column\">\n\t\t\t<div class=\"elementor-widget-wrap elementor-element-populated\">\n\t\t\t\t\t\t\t\t<div class=\"elementor-element elementor-element-8b38a88 elementor-widget elementor-widget-heading\" data-id=\"8b38a88\" data-element_type=\"widget\" data-widget_type=\"heading.default\">\n\t\t\t\t<div class=\"elementor-widget-container\">\n\t\t\t<p class=\"elementor-heading-title elementor-size-default\">La innovadora tecnolog\u00eda de Crystal Lagoons\u00ae est\u00e1 protegida en todo el mundo a trav\u00e9s de varios derechos de propiedad intelectual e industrial, que incluyen, entre otros, patentes, marcas comerciales, dise\u00f1os y derechos de autor en m\u00e1s de 180 pa\u00edses y territorios en todo el mundo. <br><br>\nCrystal Lagoons lleva a cabo un estricto control mundial de sus derechos de propiedad intelectual y toma las acciones necesarias contra posibles infracciones.<\/p>\t\t<\/div>\n\t\t\t\t<\/div>\n\t\t\t\t\t<\/div>\n\t\t<\/div>\n\t\t\t\t\t\t\t<\/div>\n\t\t<\/section>\n\t\t\t\t<section data-particle_enable=\"false\" data-particle-mobile-disabled=\"false\" class=\"elementor-section elementor-top-section elementor-element elementor-element-8f4b53f elementor-section-boxed elementor-section-height-default elementor-section-height-default\" data-id=\"8f4b53f\" data-element_type=\"section\">\n\t\t\t\t\t\t<div class=\"elementor-container elementor-column-gap-default\">\n\t\t\t\t\t<div class=\"elementor-column elementor-col-100 elementor-top-column elementor-element elementor-element-1be2caa\" data-id=\"1be2caa\" data-element_type=\"column\">\n\t\t\t<div class=\"elementor-widget-wrap elementor-element-populated\">\n\t\t\t\t\t\t\t\t<div class=\"elementor-element elementor-element-013c03f elementor-icon-list--layout-traditional elementor-list-item-link-full_width elementor-widget elementor-widget-icon-list\" data-id=\"013c03f\" data-element_type=\"widget\" data-widget_type=\"icon-list.default\">\n\t\t\t\t<div class=\"elementor-widget-container\">\n\t\t\t<link rel=\"stylesheet\" href=\"https:\/\/crystaltest.canalcero.digital\/wp-content\/plugins\/elementor\/assets\/css\/widget-icon-list.min.css\">\t\t<ul class=\"elementor-icon-list-items\">\n\t\t\t\t\t\t\t<li class=\"elementor-icon-list-item\">\n\t\t\t\t\t\t\t\t\t\t\t<span class=\"elementor-icon-list-icon\">\n\t\t\t\t\t\t\t<i aria-hidden=\"true\" class=\"fas fa-circle\"><\/i>\t\t\t\t\t\t<\/span>\n\t\t\t\t\t\t\t\t\t\t<span class=\"elementor-icon-list-text\"><strong>M\u00e1s de 800 dise\u00f1os y planos arquitect\u00f3nicos <\/strong> registrados mediante derechos de autor, que protegen el trabajo intelectual detr\u00e1s del desarrollo de cada proyecto, incluidas las geometr\u00edas, bordes y distintas formas de cada laguna, as\u00ed como el dise\u00f1o de todos los atractivos que la rodean y su posici\u00f3n dentro del desarrollo<\/span>\n\t\t\t\t\t\t\t\t\t<\/li>\n\t\t\t\t\t\t\t\t<li class=\"elementor-icon-list-item\">\n\t\t\t\t\t\t\t\t\t\t\t<span class=\"elementor-icon-list-icon\">\n\t\t\t\t\t\t\t<i aria-hidden=\"true\" class=\"fas fa-circle\"><\/i>\t\t\t\t\t\t<\/span>\n\t\t\t\t\t\t\t\t\t\t<span class=\"elementor-icon-list-text\"><strong>M\u00e1s de 2.200 patentes,<\/strong> que protegen, entre otros:<\/span>\n\t\t\t\t\t\t\t\t\t<\/li>\n\t\t\t\t\t\t<\/ul>\n\t\t\t\t<\/div>\n\t\t\t\t<\/div>\n\t\t\t\t\t<\/div>\n\t\t<\/div>\n\t\t\t\t\t\t\t<\/div>\n\t\t<\/section>\n\t\t\t\t<section data-particle_enable=\"false\" data-particle-mobile-disabled=\"false\" class=\"elementor-section elementor-top-section elementor-element elementor-element-405a109 elementor-section-boxed elementor-section-height-default elementor-section-height-default\" data-id=\"405a109\" data-element_type=\"section\">\n\t\t\t\t\t\t<div class=\"elementor-container elementor-column-gap-default\">\n\t\t\t\t\t<div class=\"elementor-column elementor-col-50 elementor-top-column elementor-element elementor-element-9e5546b\" data-id=\"9e5546b\" data-element_type=\"column\">\n\t\t\t<div class=\"elementor-widget-wrap elementor-element-populated\">\n\t\t\t\t\t\t\t\t<div class=\"elementor-element elementor-element-0faf371 elementor-icon-list--layout-traditional elementor-list-item-link-full_width elementor-widget elementor-widget-icon-list\" data-id=\"0faf371\" data-element_type=\"widget\" data-widget_type=\"icon-list.default\">\n\t\t\t\t<div class=\"elementor-widget-container\">\n\t\t\t\t\t<ul class=\"elementor-icon-list-items\">\n\t\t\t\t\t\t\t<li class=\"elementor-icon-list-item\">\n\t\t\t\t\t\t\t\t\t\t\t<span class=\"elementor-icon-list-icon\">\n\t\t\t\t\t\t\t<i aria-hidden=\"true\" class=\"fas fa-circle\"><\/i>\t\t\t\t\t\t<\/span>\n\t\t\t\t\t\t\t\t\t\t<span class=\"elementor-icon-list-text\">M\u00e9todos y procesos para tratar grandes cuerpos de agua de forma costo eficiente;<\/span>\n\t\t\t\t\t\t\t\t\t<\/li>\n\t\t\t\t\t\t\t\t<li class=\"elementor-icon-list-item\">\n\t\t\t\t\t\t\t\t\t\t\t<span class=\"elementor-icon-list-icon\">\n\t\t\t\t\t\t\t<i aria-hidden=\"true\" class=\"fas fa-circle\"><\/i>\t\t\t\t\t\t<\/span>\n\t\t\t\t\t\t\t\t\t\t<span class=\"elementor-icon-list-text\">Estructuras para contener grandes cuerpos de agua;<\/span>\n\t\t\t\t\t\t\t\t\t<\/li>\n\t\t\t\t\t\t\t\t<li class=\"elementor-icon-list-item\">\n\t\t\t\t\t\t\t\t\t\t\t<span class=\"elementor-icon-list-icon\">\n\t\t\t\t\t\t\t<i aria-hidden=\"true\" class=\"fas fa-circle\"><\/i>\t\t\t\t\t\t<\/span>\n\t\t\t\t\t\t\t\t\t\t<span class=\"elementor-icon-list-text\">Dispositivos y sistemas para limpiar las superficies del fondo de las lagunas, de forma remota y\/o in situ;<\/span>\n\t\t\t\t\t\t\t\t\t<\/li>\n\t\t\t\t\t\t\t\t<li class=\"elementor-icon-list-item\">\n\t\t\t\t\t\t\t\t\t\t\t<span class=\"elementor-icon-list-icon\">\n\t\t\t\t\t\t\t<i aria-hidden=\"true\" class=\"fas fa-circle\"><\/i>\t\t\t\t\t\t<\/span>\n\t\t\t\t\t\t\t\t\t\t<span class=\"elementor-icon-list-text\">Procesos y sistemas eficientes de filtraci\u00f3n de agua;<\/span>\n\t\t\t\t\t\t\t\t\t<\/li>\n\t\t\t\t\t\t\t\t<li class=\"elementor-icon-list-item\">\n\t\t\t\t\t\t\t\t\t\t\t<span class=\"elementor-icon-list-icon\">\n\t\t\t\t\t\t\t<i aria-hidden=\"true\" class=\"fas fa-circle\"><\/i>\t\t\t\t\t\t<\/span>\n\t\t\t\t\t\t\t\t\t\t<span class=\"elementor-icon-list-text\">M\u00e9todos y sistemas sustentables para mantener y tratar agua para su uso en procesos industriales;<\/span>\n\t\t\t\t\t\t\t\t\t<\/li>\n\t\t\t\t\t\t\t\t<li class=\"elementor-icon-list-item\">\n\t\t\t\t\t\t\t\t\t\t\t<span class=\"elementor-icon-list-icon\">\n\t\t\t\t\t\t\t<i aria-hidden=\"true\" class=\"fas fa-circle\"><\/i>\t\t\t\t\t\t<\/span>\n\t\t\t\t\t\t\t\t\t\t<span class=\"elementor-icon-list-text\">M\u00e9todos y sistemas sustentables para proporcionar agua de enfriamiento de alta calidad para procesos industriales, incluidos los sistemas HVAC;<\/span>\n\t\t\t\t\t\t\t\t\t<\/li>\n\t\t\t\t\t\t\t\t<li class=\"elementor-icon-list-item\">\n\t\t\t\t\t\t\t\t\t\t\t<span class=\"elementor-icon-list-icon\">\n\t\t\t\t\t\t\t<i aria-hidden=\"true\" class=\"fas fa-circle\"><\/i>\t\t\t\t\t\t<\/span>\n\t\t\t\t\t\t\t\t\t\t<span class=\"elementor-icon-list-text\">Sistemas y m\u00e9todos para implementar y operar lagunas flotantes dentro de grandes cuerpos de agua naturales o artificiales;<\/span>\n\t\t\t\t\t\t\t\t\t<\/li>\n\t\t\t\t\t\t\t\t<li class=\"elementor-icon-list-item\">\n\t\t\t\t\t\t\t\t\t\t\t<span class=\"elementor-icon-list-icon\">\n\t\t\t\t\t\t\t<i aria-hidden=\"true\" class=\"fas fa-circle\"><\/i>\t\t\t\t\t\t<\/span>\n\t\t\t\t\t\t\t\t\t\t<span class=\"elementor-icon-list-text\">Sistemas de desinfecci\u00f3n localizada para proporcionar una mayor concentraci\u00f3n de desinfectantes en zonas designadas dentro de la laguna;<\/span>\n\t\t\t\t\t\t\t\t\t<\/li>\n\t\t\t\t\t\t<\/ul>\n\t\t\t\t<\/div>\n\t\t\t\t<\/div>\n\t\t\t\t\t<\/div>\n\t\t<\/div>\n\t\t\t\t<div class=\"elementor-column elementor-col-50 elementor-top-column elementor-element elementor-element-59c948e\" data-id=\"59c948e\" data-element_type=\"column\">\n\t\t\t<div class=\"elementor-widget-wrap elementor-element-populated\">\n\t\t\t\t\t\t\t\t<div class=\"elementor-element elementor-element-ee83b40 elementor-icon-list--layout-traditional elementor-list-item-link-full_width elementor-widget elementor-widget-icon-list\" data-id=\"ee83b40\" data-element_type=\"widget\" data-widget_type=\"icon-list.default\">\n\t\t\t\t<div class=\"elementor-widget-container\">\n\t\t\t\t\t<ul class=\"elementor-icon-list-items\">\n\t\t\t\t\t\t\t<li class=\"elementor-icon-list-item\">\n\t\t\t\t\t\t\t\t\t\t\t<span class=\"elementor-icon-list-icon\">\n\t\t\t\t\t\t\t<i aria-hidden=\"true\" class=\"fas fa-circle\"><\/i>\t\t\t\t\t\t<\/span>\n\t\t\t\t\t\t\t\t\t\t<span class=\"elementor-icon-list-text\">Operaciones: Gesti\u00f3n de los distintos sistemas mec\u00e1nicos e hidr\u00e1ulicos que operan en las lagunas alrededor del mundo desde el Centro de Control de Crystal Lagoons\u00ae, asegurando una excelente calidad del agua todos los d\u00edas del a\u00f1o.<\/span>\n\t\t\t\t\t\t\t\t\t<\/li>\n\t\t\t\t\t\t\t\t<li class=\"elementor-icon-list-item\">\n\t\t\t\t\t\t\t\t\t\t\t<span class=\"elementor-icon-list-icon\">\n\t\t\t\t\t\t\t<i aria-hidden=\"true\" class=\"fas fa-circle\"><\/i>\t\t\t\t\t\t<\/span>\n\t\t\t\t\t\t\t\t\t\t<span class=\"elementor-icon-list-text\">Ingenier\u00eda: Desarrollo de ingenier\u00eda b\u00e1sica y t\u00e9cnica de proyectos.<\/span>\n\t\t\t\t\t\t\t\t\t<\/li>\n\t\t\t\t\t\t\t\t<li class=\"elementor-icon-list-item\">\n\t\t\t\t\t\t\t\t\t\t\t<span class=\"elementor-icon-list-icon\">\n\t\t\t\t\t\t\t<i aria-hidden=\"true\" class=\"fas fa-circle\"><\/i>\t\t\t\t\t\t<\/span>\n\t\t\t\t\t\t\t\t\t\t<span class=\"elementor-icon-list-text\">Administraci\u00f3n y Finanzas: Gesti\u00f3n de activos, contabilidad y control de gesti\u00f3n, sistemas y recursos humanos.<\/span>\n\t\t\t\t\t\t\t\t\t<\/li>\n\t\t\t\t\t\t\t\t<li class=\"elementor-icon-list-item\">\n\t\t\t\t\t\t\t\t\t\t\t<span class=\"elementor-icon-list-icon\">\n\t\t\t\t\t\t\t<i aria-hidden=\"true\" class=\"fas fa-circle\"><\/i>\t\t\t\t\t\t<\/span>\n\t\t\t\t\t\t\t\t\t\t<span class=\"elementor-icon-list-text\">Branding: Gesti\u00f3n de imagen y desarrollo de marca corporativa.<\/span>\n\t\t\t\t\t\t\t\t\t<\/li>\n\t\t\t\t\t\t<\/ul>\n\t\t\t\t<\/div>\n\t\t\t\t<\/div>\n\t\t\t\t\t<\/div>\n\t\t<\/div>\n\t\t\t\t\t\t\t<\/div>\n\t\t<\/section>\n\t\t\t\t<section data-particle_enable=\"false\" data-particle-mobile-disabled=\"false\" class=\"elementor-section elementor-top-section elementor-element elementor-element-801b763 elementor-section-boxed elementor-section-height-default elementor-section-height-default\" data-id=\"801b763\" data-element_type=\"section\">\n\t\t\t\t\t\t<div class=\"elementor-container elementor-column-gap-default\">\n\t\t\t\t\t<div class=\"elementor-column elementor-col-100 elementor-top-column elementor-element elementor-element-0310353\" data-id=\"0310353\" data-element_type=\"column\">\n\t\t\t<div class=\"elementor-widget-wrap elementor-element-populated\">\n\t\t\t\t\t\t\t\t<div class=\"elementor-element elementor-element-950d642 elementor-icon-list--layout-traditional elementor-list-item-link-full_width elementor-widget elementor-widget-icon-list\" data-id=\"950d642\" data-element_type=\"widget\" data-widget_type=\"icon-list.default\">\n\t\t\t\t<div class=\"elementor-widget-container\">\n\t\t\t\t\t<ul class=\"elementor-icon-list-items\">\n\t\t\t\t\t\t\t<li class=\"elementor-icon-list-item\">\n\t\t\t\t\t\t\t\t\t\t\t<span class=\"elementor-icon-list-icon\">\n\t\t\t\t\t\t\t<i aria-hidden=\"true\" class=\"fas fa-circle\"><\/i>\t\t\t\t\t\t<\/span>\n\t\t\t\t\t\t\t\t\t\t<span class=\"elementor-icon-list-text\"><strong>M\u00e1s de 600 marcas comerciales, <\/strong>incluidos logotipos, nombres comerciales, esl\u00f3ganes y el Trade Dress de Crystal Lagoons, que protege el look and feel de todos nuestros proyectos.<\/span>\n\t\t\t\t\t\t\t\t\t<\/li>\n\t\t\t\t\t\t<\/ul>\n\t\t\t\t<\/div>\n\t\t\t\t<\/div>\n\t\t\t\t<div class=\"elementor-element elementor-element-2a576d7 elementor-widget elementor-widget-text-editor\" data-id=\"2a576d7\" data-element_type=\"widget\" data-widget_type=\"text-editor.default\">\n\t\t\t\t<div class=\"elementor-widget-container\">\n\t\t\t<style>\/*! elementor - v3.11.2 - 22-02-2023 *\/\n.elementor-widget-text-editor.elementor-drop-cap-view-stacked .elementor-drop-cap{background-color:#818a91;color:#fff}.elementor-widget-text-editor.elementor-drop-cap-view-framed .elementor-drop-cap{color:#818a91;border:3px solid;background-color:transparent}.elementor-widget-text-editor:not(.elementor-drop-cap-view-default) .elementor-drop-cap{margin-top:8px}.elementor-widget-text-editor:not(.elementor-drop-cap-view-default) .elementor-drop-cap-letter{width:1em;height:1em}.elementor-widget-text-editor .elementor-drop-cap{float:left;text-align:center;line-height:1;font-size:50px}.elementor-widget-text-editor .elementor-drop-cap-letter{display:inline-block}<\/style>\t\t\t\t<p><a href=\"https:\/\/crystaltest.canalcero.digital\/ip-info\/\" target=\"_blank\" rel=\"noopener\">Haga click ac\u00e1<\/a>\u00a0para obtener informaci\u00f3n detallada sobre nuestra IP.<\/p>\t\t\t\t\t\t<\/div>\n\t\t\t\t<\/div>\n\t\t\t\t\t<\/div>\n\t\t<\/div>\n\t\t\t\t\t\t\t<\/div>\n\t\t<\/section>\n\t\t\t\t\t\t\t<\/div>\n\t\t","protected":false},"excerpt":{"rendered":"<p>Crystal Lagoons defiende intensivamente su propiedad intelectual La innovadora tecnolog\u00eda de Crystal Lagoons\u00ae est\u00e1 protegida en todo el mundo a trav\u00e9s de varios derechos de propiedad intelectual e industrial, que incluyen, entre otros, patentes, marcas comerciales, dise\u00f1os y derechos de autor en m\u00e1s de 180 pa\u00edses y territorios en todo el mundo. Crystal Lagoons lleva [&hellip;]<\/p>\n","protected":false},"author":2,"featured_media":0,"parent":0,"menu_order":0,"comment_status":"closed","ping_status":"closed","template":"elementor_header_footer","meta":{"footnotes":""},"class_list":["post-2894","page","type-page","status-publish","hentry"],"acf":[],"yoast_head":"<!-- This site is optimized with the Yoast SEO plugin v20.2.1 - https:\/\/yoast.com\/wordpress\/plugins\/seo\/ -->\n<title>Intellectual property - Crystal Lagoons<\/title>\n<meta name=\"robots\" content=\"noindex, follow, max-snippet:-1, max-image-preview:large, max-video-preview:-1\" \/>\n<meta property=\"og:locale\" content=\"es_ES\" \/>\n<meta property=\"og:type\" content=\"article\" \/>\n<meta property=\"og:title\" content=\"Intellectual property - Crystal Lagoons\" \/>\n<meta property=\"og:description\" content=\"Crystal Lagoons defiende intensivamente su propiedad intelectual La innovadora tecnolog\u00eda de Crystal Lagoons\u00ae est\u00e1 protegida en todo el mundo a trav\u00e9s de varios derechos de propiedad intelectual e industrial, que incluyen, entre otros, patentes, marcas comerciales, dise\u00f1os y derechos de autor en m\u00e1s de 180 pa\u00edses y territorios en todo el mundo. Crystal Lagoons lleva [&hellip;]\" \/>\n<meta property=\"og:url\" content=\"https:\/\/crystaltest.canalcero.digital\/intellectual-property\/\" \/>\n<meta property=\"og:site_name\" content=\"Crystal Lagoons\" \/>\n<meta property=\"article:modified_time\" content=\"2023-02-21T18:05:54+00:00\" \/>\n<meta property=\"og:image\" content=\"https:\/\/crystaltest.canalcero.digital\/wp-content\/uploads\/2022\/08\/Sello-Technology-Patents-Business-Method-Patents-OK-12-julio-2022-1.png\" \/>\n<meta name=\"twitter:card\" content=\"summary_large_image\" \/>\n<meta name=\"twitter:label1\" content=\"Tiempo de lectura\" \/>\n\t<meta name=\"twitter:data1\" content=\"2 minutos\" \/>\n<script type=\"application\/ld+json\" class=\"yoast-schema-graph\">{\"@context\":\"https:\/\/schema.org\",\"@graph\":[{\"@type\":\"WebPage\",\"@id\":\"https:\/\/crystaltest.canalcero.digital\/intellectual-property\/\",\"url\":\"https:\/\/crystaltest.canalcero.digital\/intellectual-property\/\",\"name\":\"Intellectual property - Crystal Lagoons\",\"isPartOf\":{\"@id\":\"https:\/\/crystaltest.canalcero.digital\/en\/#website\"},\"datePublished\":\"2022-12-07T18:57:39+00:00\",\"dateModified\":\"2023-02-21T18:05:54+00:00\",\"breadcrumb\":{\"@id\":\"https:\/\/crystaltest.canalcero.digital\/intellectual-property\/#breadcrumb\"},\"inLanguage\":\"es\",\"potentialAction\":[{\"@type\":\"ReadAction\",\"target\":[\"https:\/\/crystaltest.canalcero.digital\/intellectual-property\/\"]}]},{\"@type\":\"BreadcrumbList\",\"@id\":\"https:\/\/crystaltest.canalcero.digital\/intellectual-property\/#breadcrumb\",\"itemListElement\":[{\"@type\":\"ListItem\",\"position\":1,\"name\":\"Portada\",\"item\":\"https:\/\/crystaltest.canalcero.digital\/es\/\"},{\"@type\":\"ListItem\",\"position\":2,\"name\":\"Intellectual property\"}]},{\"@type\":\"WebSite\",\"@id\":\"https:\/\/crystaltest.canalcero.digital\/en\/#website\",\"url\":\"https:\/\/crystaltest.canalcero.digital\/en\/\",\"name\":\"Crystal Lagoons\",\"description\":\"\",\"potentialAction\":[{\"@type\":\"SearchAction\",\"target\":{\"@type\":\"EntryPoint\",\"urlTemplate\":\"https:\/\/crystaltest.canalcero.digital\/en\/?s={search_term_string}\"},\"query-input\":\"required name=search_term_string\"}],\"inLanguage\":\"es\"}]}<\/script>\n<!-- \/ Yoast SEO plugin. -->","yoast_head_json":{"title":"Intellectual property - Crystal Lagoons","robots":{"index":"noindex","follow":"follow","max-snippet":"max-snippet:-1","max-image-preview":"max-image-preview:large","max-video-preview":"max-video-preview:-1"},"og_locale":"es_ES","og_type":"article","og_title":"Intellectual property - Crystal Lagoons","og_description":"Crystal Lagoons defiende intensivamente su propiedad intelectual La innovadora tecnolog\u00eda de Crystal Lagoons\u00ae est\u00e1 protegida en todo el mundo a trav\u00e9s de varios derechos de propiedad intelectual e industrial, que incluyen, entre otros, patentes, marcas comerciales, dise\u00f1os y derechos de autor en m\u00e1s de 180 pa\u00edses y territorios en todo el mundo. Crystal Lagoons lleva [&hellip;]","og_url":"https:\/\/crystaltest.canalcero.digital\/intellectual-property\/","og_site_name":"Crystal Lagoons","article_modified_time":"2023-02-21T18:05:54+00:00","og_image":[{"url":"https:\/\/crystaltest.canalcero.digital\/wp-content\/uploads\/2022\/08\/Sello-Technology-Patents-Business-Method-Patents-OK-12-julio-2022-1.png"}],"twitter_card":"summary_large_image","twitter_misc":{"Tiempo de lectura":"2 minutos"},"schema":{"@context":"https:\/\/schema.org","@graph":[{"@type":"WebPage","@id":"https:\/\/crystaltest.canalcero.digital\/intellectual-property\/","url":"https:\/\/crystaltest.canalcero.digital\/intellectual-property\/","name":"Intellectual property - Crystal Lagoons","isPartOf":{"@id":"https:\/\/crystaltest.canalcero.digital\/en\/#website"},"datePublished":"2022-12-07T18:57:39+00:00","dateModified":"2023-02-21T18:05:54+00:00","breadcrumb":{"@id":"https:\/\/crystaltest.canalcero.digital\/intellectual-property\/#breadcrumb"},"inLanguage":"es","potentialAction":[{"@type":"ReadAction","target":["https:\/\/crystaltest.canalcero.digital\/intellectual-property\/"]}]},{"@type":"BreadcrumbList","@id":"https:\/\/crystaltest.canalcero.digital\/intellectual-property\/#breadcrumb","itemListElement":[{"@type":"ListItem","position":1,"name":"Portada","item":"https:\/\/crystaltest.canalcero.digital\/es\/"},{"@type":"ListItem","position":2,"name":"Intellectual property"}]},{"@type":"WebSite","@id":"https:\/\/crystaltest.canalcero.digital\/en\/#website","url":"https:\/\/crystaltest.canalcero.digital\/en\/","name":"Crystal Lagoons","description":"","potentialAction":[{"@type":"SearchAction","target":{"@type":"EntryPoint","urlTemplate":"https:\/\/crystaltest.canalcero.digital\/en\/?s={search_term_string}"},"query-input":"required name=search_term_string"}],"inLanguage":"es"}]}},"_links":{"self":[{"href":"https:\/\/crystaltest.canalcero.digital\/es\/wp-json\/wp\/v2\/pages\/2894","targetHints":{"allow":["GET"]}}],"collection":[{"href":"https:\/\/crystaltest.canalcero.digital\/es\/wp-json\/wp\/v2\/pages"}],"about":[{"href":"https:\/\/crystaltest.canalcero.digital\/es\/wp-json\/wp\/v2\/types\/page"}],"author":[{"embeddable":true,"href":"https:\/\/crystaltest.canalcero.digital\/es\/wp-json\/wp\/v2\/users\/2"}],"replies":[{"embeddable":true,"href":"https:\/\/crystaltest.canalcero.digital\/es\/wp-json\/wp\/v2\/comments?post=2894"}],"version-history":[{"count":70,"href":"https:\/\/crystaltest.canalcero.digital\/es\/wp-json\/wp\/v2\/pages\/2894\/revisions"}],"predecessor-version":[{"id":4330,"href":"https:\/\/crystaltest.canalcero.digital\/es\/wp-json\/wp\/v2\/pages\/2894\/revisions\/4330"}],"wp:attachment":[{"href":"https:\/\/crystaltest.canalcero.digital\/es\/wp-json\/wp\/v2\/media?parent=2894"}],"curies":[{"name":"wp","href":"https:\/\/api.w.org\/{rel}","templated":true}]}}