{"id":2400,"date":"2022-10-17T15:19:03","date_gmt":"2022-10-17T18:19:03","guid":{"rendered":"https:\/\/crystaltest.canalcero.digital\/?page_id=2400"},"modified":"2023-02-21T15:53:42","modified_gmt":"2023-02-21T18:53:42","slug":"what-we-offer","status":"publish","type":"page","link":"https:\/\/crystaltest.canalcero.digital\/es\/what-we-offer\/","title":{"rendered":"What We Offer"},"content":{"rendered":"\t\t<div data-elementor-type=\"wp-page\" data-elementor-id=\"2400\" class=\"elementor elementor-2400\">\n\t\t\t\t\t\t\t\t\t<section data-particle_enable=\"false\" data-particle-mobile-disabled=\"false\" class=\"elementor-section elementor-top-section elementor-element elementor-element-d8fe4bf elementor-section-full_width elementor-section-height-min-height elementor-section-height-default elementor-section-items-middle\" data-id=\"d8fe4bf\" data-element_type=\"section\" id=\"btn-float\" data-settings=\"{&quot;background_background&quot;:&quot;classic&quot;}\">\n\t\t\t\t\t\t<div class=\"elementor-container elementor-column-gap-default\">\n\t\t\t\t\t<div class=\"elementor-column elementor-col-100 elementor-top-column elementor-element elementor-element-359c861\" data-id=\"359c861\" data-element_type=\"column\">\n\t\t\t<div class=\"elementor-widget-wrap elementor-element-populated\">\n\t\t\t\t\t\t\t\t<div class=\"elementor-element elementor-element-5a434d6 elementor-widget elementor-widget-heading\" data-id=\"5a434d6\" data-element_type=\"widget\" data-widget_type=\"heading.default\">\n\t\t\t\t<div class=\"elementor-widget-container\">\n\t\t\t<style>\/*! elementor - v3.11.2 - 22-02-2023 *\/\n.elementor-heading-title{padding:0;margin:0;line-height:1}.elementor-widget-heading .elementor-heading-title[class*=elementor-size-]>a{color:inherit;font-size:inherit;line-height:inherit}.elementor-widget-heading .elementor-heading-title.elementor-size-small{font-size:15px}.elementor-widget-heading .elementor-heading-title.elementor-size-medium{font-size:19px}.elementor-widget-heading .elementor-heading-title.elementor-size-large{font-size:29px}.elementor-widget-heading .elementor-heading-title.elementor-size-xl{font-size:39px}.elementor-widget-heading .elementor-heading-title.elementor-size-xxl{font-size:59px}<\/style><h2 class=\"elementor-heading-title elementor-size-default\">Qu\u00e9 Ofrecemos\n<\/h2>\t\t<\/div>\n\t\t\t\t<\/div>\n\t\t\t\t<div class=\"elementor-element elementor-element-a474e19 elementor-widget__width-initial elementor-absolute elementor-widget elementor-widget-image\" data-id=\"a474e19\" data-element_type=\"widget\" data-settings=\"{&quot;_position&quot;:&quot;absolute&quot;}\" data-widget_type=\"image.default\">\n\t\t\t\t<div class=\"elementor-widget-container\">\n\t\t\t<style>\/*! elementor - v3.11.2 - 22-02-2023 *\/\n.elementor-widget-image{text-align:center}.elementor-widget-image a{display:inline-block}.elementor-widget-image a img[src$=\".svg\"]{width:48px}.elementor-widget-image img{vertical-align:middle;display:inline-block}<\/style>\t\t\t\t\t\t\t\t\t\t\t\t<img loading=\"lazy\" decoding=\"async\" width=\"753\" height=\"225\" src=\"https:\/\/crystaltest.canalcero.digital\/wp-content\/uploads\/2022\/08\/Sello-Technology-Patents-Business-Method-Patents-OK-12-julio-2022-1.png\" class=\"attachment-large size-large wp-image-438\" alt=\"\" srcset=\"https:\/\/crystaltest.canalcero.digital\/wp-content\/uploads\/2022\/08\/Sello-Technology-Patents-Business-Method-Patents-OK-12-julio-2022-1.png 753w, https:\/\/crystaltest.canalcero.digital\/wp-content\/uploads\/2022\/08\/Sello-Technology-Patents-Business-Method-Patents-OK-12-julio-2022-1-300x90.png 300w\" sizes=\"auto, (max-width: 753px) 100vw, 753px\" \/>\t\t\t\t\t\t\t\t\t\t\t\t\t\t\t<\/div>\n\t\t\t\t<\/div>\n\t\t\t\t\t<\/div>\n\t\t<\/div>\n\t\t\t\t\t\t\t<\/div>\n\t\t<\/section>\n\t\t\t\t<section data-particle_enable=\"false\" data-particle-mobile-disabled=\"false\" class=\"elementor-section elementor-top-section elementor-element elementor-element-529a391 elementor-section-full_width elementor-section-height-min-height elementor-section-items-bottom elementor-section-height-default\" data-id=\"529a391\" data-element_type=\"section\">\n\t\t\t\t\t\t<div class=\"elementor-container elementor-column-gap-default\">\n\t\t\t\t\t<div class=\"elementor-column elementor-col-100 elementor-top-column elementor-element elementor-element-00044fc\" data-id=\"00044fc\" data-element_type=\"column\">\n\t\t\t<div class=\"elementor-widget-wrap elementor-element-populated\">\n\t\t\t\t\t\t\t\t<div class=\"elementor-element elementor-element-4ffb583 elementor-widget elementor-widget-heading\" data-id=\"4ffb583\" data-element_type=\"widget\" data-widget_type=\"heading.default\">\n\t\t\t\t<div class=\"elementor-widget-container\">\n\t\t\t<h2 class=\"elementor-heading-title elementor-size-default\">Descripci\u00f3n General y Beneficios\n<\/h2>\t\t<\/div>\n\t\t\t\t<\/div>\n\t\t\t\t<div class=\"elementor-element elementor-element-153e96b elementor-widget elementor-widget-text-editor\" data-id=\"153e96b\" data-element_type=\"widget\" data-widget_type=\"text-editor.default\">\n\t\t\t\t<div class=\"elementor-widget-container\">\n\t\t\t<style>\/*! elementor - v3.11.2 - 22-02-2023 *\/\n.elementor-widget-text-editor.elementor-drop-cap-view-stacked .elementor-drop-cap{background-color:#818a91;color:#fff}.elementor-widget-text-editor.elementor-drop-cap-view-framed .elementor-drop-cap{color:#818a91;border:3px solid;background-color:transparent}.elementor-widget-text-editor:not(.elementor-drop-cap-view-default) .elementor-drop-cap{margin-top:8px}.elementor-widget-text-editor:not(.elementor-drop-cap-view-default) .elementor-drop-cap-letter{width:1em;height:1em}.elementor-widget-text-editor .elementor-drop-cap{float:left;text-align:center;line-height:1;font-size:50px}.elementor-widget-text-editor .elementor-drop-cap-letter{display:inline-block}<\/style>\t\t\t\tCrystal Lagoons ha desarrollado y patentado un concepto y una tecnolog\u00eda que permite construir y mantener lagunas cristalinas de tama\u00f1o ilimitado a muy bajo costo de manera sustentable. \n<br><br>\nA trav\u00e9s de un acuerdo de licencia o asociaci\u00f3n, los desarrolladores pueden acceder al Sistema Crystal Lagoons\u00ae y a toda la propiedad intelectual necesaria para crear una vida de playa id\u00edlica en cualquier parte del mundo.\t\t\t\t\t\t<\/div>\n\t\t\t\t<\/div>\n\t\t\t\t<section data-particle_enable=\"false\" data-particle-mobile-disabled=\"false\" class=\"elementor-section elementor-inner-section elementor-element elementor-element-b155155 elementor-section-boxed elementor-section-height-default elementor-section-height-default\" data-id=\"b155155\" data-element_type=\"section\">\n\t\t\t\t\t\t<div class=\"elementor-container elementor-column-gap-narrow\">\n\t\t\t\t\t<div class=\"elementor-column elementor-col-50 elementor-inner-column elementor-element elementor-element-db4d725\" data-id=\"db4d725\" data-element_type=\"column\" data-settings=\"{&quot;background_background&quot;:&quot;classic&quot;}\">\n\t\t\t<div class=\"elementor-widget-wrap elementor-element-populated\">\n\t\t\t\t\t\t\t\t<div class=\"elementor-element elementor-element-87ac53c elementor-widget elementor-widget-text-editor\" data-id=\"87ac53c\" data-element_type=\"widget\" data-widget_type=\"text-editor.default\">\n\t\t\t\t<div class=\"elementor-widget-container\">\n\t\t\t\t\t\t\t<p>En el caso de\u00a0<b>proyectos inmobiliarios<\/b>, los beneficios incluyen monetizaci\u00f3n temprana, mayores primas y mayor velocidad de venta gracias a la ventaja competitiva que otorga el World&#8217;s Top Amenity.<\/p>\t\t\t\t\t\t<\/div>\n\t\t\t\t<\/div>\n\t\t\t\t\t<\/div>\n\t\t<\/div>\n\t\t\t\t<div class=\"elementor-column elementor-col-50 elementor-inner-column elementor-element elementor-element-982285f\" data-id=\"982285f\" data-element_type=\"column\" data-settings=\"{&quot;background_background&quot;:&quot;classic&quot;}\">\n\t\t\t<div class=\"elementor-widget-wrap elementor-element-populated\">\n\t\t\t\t\t\t\t\t<div class=\"elementor-element elementor-element-49d75c7 elementor-widget elementor-widget-text-editor\" data-id=\"49d75c7\" data-element_type=\"widget\" data-widget_type=\"text-editor.default\">\n\t\t\t\t<div class=\"elementor-widget-container\">\n\t\t\t\t\t\t\t<p>En el caso de los proyectos PAL\u2122, los beneficios incluyen la generaci\u00f3n de ingresos perpetuos, durante todo el a\u00f1o, a trav\u00e9s de la venta de boletos y m\u00faltiples actividades comerciales (hoteles, eventos, conciertos, retail y F&amp;B, entre otros).<\/p>\t\t\t\t\t\t<\/div>\n\t\t\t\t<\/div>\n\t\t\t\t\t<\/div>\n\t\t<\/div>\n\t\t\t\t\t\t\t<\/div>\n\t\t<\/section>\n\t\t\t\t\t<\/div>\n\t\t<\/div>\n\t\t\t\t\t\t\t<\/div>\n\t\t<\/section>\n\t\t\t\t<section data-particle_enable=\"false\" data-particle-mobile-disabled=\"false\" class=\"elementor-section elementor-top-section elementor-element elementor-element-5df4d4d elementor-section-full_width elementor-section-height-default elementor-section-height-default\" data-id=\"5df4d4d\" data-element_type=\"section\">\n\t\t\t\t\t\t<div class=\"elementor-container elementor-column-gap-default\">\n\t\t\t\t\t<div class=\"elementor-column elementor-col-100 elementor-top-column elementor-element elementor-element-da342d6\" data-id=\"da342d6\" data-element_type=\"column\">\n\t\t\t<div class=\"elementor-widget-wrap elementor-element-populated\">\n\t\t\t\t\t\t\t\t<div class=\"elementor-element elementor-element-c541008 elementor-widget-divider--view-line elementor-widget elementor-widget-divider\" data-id=\"c541008\" data-element_type=\"widget\" data-widget_type=\"divider.default\">\n\t\t\t\t<div class=\"elementor-widget-container\">\n\t\t\t<style>\/*! elementor - v3.11.2 - 22-02-2023 *\/\n.elementor-widget-divider{--divider-border-style:none;--divider-border-width:1px;--divider-color:#2c2c2c;--divider-icon-size:20px;--divider-element-spacing:10px;--divider-pattern-height:24px;--divider-pattern-size:20px;--divider-pattern-url:none;--divider-pattern-repeat:repeat-x}.elementor-widget-divider .elementor-divider{display:flex}.elementor-widget-divider .elementor-divider__text{font-size:15px;line-height:1;max-width:95%}.elementor-widget-divider .elementor-divider__element{margin:0 var(--divider-element-spacing);flex-shrink:0}.elementor-widget-divider .elementor-icon{font-size:var(--divider-icon-size)}.elementor-widget-divider .elementor-divider-separator{display:flex;margin:0;direction:ltr}.elementor-widget-divider--view-line_icon .elementor-divider-separator,.elementor-widget-divider--view-line_text .elementor-divider-separator{align-items:center}.elementor-widget-divider--view-line_icon .elementor-divider-separator:after,.elementor-widget-divider--view-line_icon .elementor-divider-separator:before,.elementor-widget-divider--view-line_text .elementor-divider-separator:after,.elementor-widget-divider--view-line_text .elementor-divider-separator:before{display:block;content:\"\";border-bottom:0;flex-grow:1;border-top:var(--divider-border-width) var(--divider-border-style) var(--divider-color)}.elementor-widget-divider--element-align-left .elementor-divider .elementor-divider-separator>.elementor-divider__svg:first-of-type{flex-grow:0;flex-shrink:100}.elementor-widget-divider--element-align-left .elementor-divider-separator:before{content:none}.elementor-widget-divider--element-align-left .elementor-divider__element{margin-left:0}.elementor-widget-divider--element-align-right .elementor-divider .elementor-divider-separator>.elementor-divider__svg:last-of-type{flex-grow:0;flex-shrink:100}.elementor-widget-divider--element-align-right .elementor-divider-separator:after{content:none}.elementor-widget-divider--element-align-right .elementor-divider__element{margin-right:0}.elementor-widget-divider:not(.elementor-widget-divider--view-line_text):not(.elementor-widget-divider--view-line_icon) .elementor-divider-separator{border-top:var(--divider-border-width) var(--divider-border-style) var(--divider-color)}.elementor-widget-divider--separator-type-pattern{--divider-border-style:none}.elementor-widget-divider--separator-type-pattern.elementor-widget-divider--view-line .elementor-divider-separator,.elementor-widget-divider--separator-type-pattern:not(.elementor-widget-divider--view-line) .elementor-divider-separator:after,.elementor-widget-divider--separator-type-pattern:not(.elementor-widget-divider--view-line) .elementor-divider-separator:before,.elementor-widget-divider--separator-type-pattern:not([class*=elementor-widget-divider--view]) .elementor-divider-separator{width:100%;min-height:var(--divider-pattern-height);-webkit-mask-size:var(--divider-pattern-size) 100%;mask-size:var(--divider-pattern-size) 100%;-webkit-mask-repeat:var(--divider-pattern-repeat);mask-repeat:var(--divider-pattern-repeat);background-color:var(--divider-color);-webkit-mask-image:var(--divider-pattern-url);mask-image:var(--divider-pattern-url)}.elementor-widget-divider--no-spacing{--divider-pattern-size:auto}.elementor-widget-divider--bg-round{--divider-pattern-repeat:round}.rtl .elementor-widget-divider .elementor-divider__text{direction:rtl}.e-con-inner>.elementor-widget-divider,.e-con>.elementor-widget-divider{width:var(--container-widget-width,100%);--flex-grow:var(--container-widget-flex-grow)}<\/style>\t\t<div class=\"elementor-divider\">\n\t\t\t<span class=\"elementor-divider-separator\">\n\t\t\t\t\t\t<\/span>\n\t\t<\/div>\n\t\t\t\t<\/div>\n\t\t\t\t<\/div>\n\t\t\t\t\t<\/div>\n\t\t<\/div>\n\t\t\t\t\t\t\t<\/div>\n\t\t<\/section>\n\t\t\t\t<section data-particle_enable=\"false\" data-particle-mobile-disabled=\"false\" class=\"elementor-section elementor-top-section elementor-element elementor-element-928181c elementor-section-full_width elementor-section-height-min-height elementor-section-items-bottom elementor-section-height-default\" data-id=\"928181c\" data-element_type=\"section\">\n\t\t\t\t\t\t<div class=\"elementor-container elementor-column-gap-default\">\n\t\t\t\t\t<div class=\"elementor-column elementor-col-100 elementor-top-column elementor-element elementor-element-aa91223\" data-id=\"aa91223\" data-element_type=\"column\">\n\t\t\t<div class=\"elementor-widget-wrap elementor-element-populated\">\n\t\t\t\t\t\t\t\t<div class=\"elementor-element elementor-element-db98ebc elementor-widget elementor-widget-heading\" data-id=\"db98ebc\" data-element_type=\"widget\" data-widget_type=\"heading.default\">\n\t\t\t\t<div class=\"elementor-widget-container\">\n\t\t\t<h2 class=\"elementor-heading-title elementor-size-default\">Antes de la Puesta en Marcha de la Laguna\n<\/h2>\t\t<\/div>\n\t\t\t\t<\/div>\n\t\t\t\t<div class=\"elementor-element elementor-element-caab1b7 elementor-widget elementor-widget-text-editor\" data-id=\"caab1b7\" data-element_type=\"widget\" data-widget_type=\"text-editor.default\">\n\t\t\t\t<div class=\"elementor-widget-container\">\n\t\t\t\t\t\t\t<ul class=\"wwo-list\"><li>Licenciamiento de\u00a0<b>propiedad intelectual<\/b><\/li><li><b>Especificaciones t\u00e9cnicas<\/b>, recomendaciones y gu\u00edas para la implementaci\u00f3n de la tecnolog\u00eda<\/li><li><b>Propuesta de masterplan y dise\u00f1o conceptual<\/b>\u00a0de la laguna adaptada a diferentes niveles de inversi\u00f3n e infraestructura<\/li><li><b>Visitas<\/b>\u00a0durante la fase de construcci\u00f3n<\/li><li>Apoyo continuo de\u00a0<b>Marketing y Relaciones P\u00fablicas<\/b>\u00a0para ayudar a los clientes a promocionar sus proyectos Crystal Lagoons<span class=\"special-symbol\">\u00ae<\/span><\/li><\/ul>\t\t\t\t\t\t<\/div>\n\t\t\t\t<\/div>\n\t\t\t\t\t<\/div>\n\t\t<\/div>\n\t\t\t\t\t\t\t<\/div>\n\t\t<\/section>\n\t\t\t\t<section data-particle_enable=\"false\" data-particle-mobile-disabled=\"false\" class=\"elementor-section elementor-top-section elementor-element elementor-element-7104f62 elementor-section-full_width elementor-section-height-default elementor-section-height-default\" data-id=\"7104f62\" data-element_type=\"section\">\n\t\t\t\t\t\t<div class=\"elementor-container elementor-column-gap-default\">\n\t\t\t\t\t<div class=\"elementor-column elementor-col-100 elementor-top-column elementor-element elementor-element-7ea8656\" data-id=\"7ea8656\" data-element_type=\"column\">\n\t\t\t<div class=\"elementor-widget-wrap elementor-element-populated\">\n\t\t\t\t\t\t\t\t<div class=\"elementor-element elementor-element-3705467 elementor-widget-divider--view-line elementor-widget elementor-widget-divider\" data-id=\"3705467\" data-element_type=\"widget\" data-widget_type=\"divider.default\">\n\t\t\t\t<div class=\"elementor-widget-container\">\n\t\t\t\t\t<div class=\"elementor-divider\">\n\t\t\t<span class=\"elementor-divider-separator\">\n\t\t\t\t\t\t<\/span>\n\t\t<\/div>\n\t\t\t\t<\/div>\n\t\t\t\t<\/div>\n\t\t\t\t\t<\/div>\n\t\t<\/div>\n\t\t\t\t\t\t\t<\/div>\n\t\t<\/section>\n\t\t\t\t<section data-particle_enable=\"false\" data-particle-mobile-disabled=\"false\" class=\"elementor-section elementor-top-section elementor-element elementor-element-c973e7a elementor-section-full_width elementor-section-height-min-height elementor-section-items-bottom elementor-section-height-default\" data-id=\"c973e7a\" data-element_type=\"section\">\n\t\t\t\t\t\t<div class=\"elementor-container elementor-column-gap-default\">\n\t\t\t\t\t<div class=\"elementor-column elementor-col-100 elementor-top-column elementor-element elementor-element-87ff866\" data-id=\"87ff866\" data-element_type=\"column\">\n\t\t\t<div class=\"elementor-widget-wrap elementor-element-populated\">\n\t\t\t\t\t\t\t\t<div class=\"elementor-element elementor-element-2d2e10c elementor-widget elementor-widget-heading\" data-id=\"2d2e10c\" data-element_type=\"widget\" data-widget_type=\"heading.default\">\n\t\t\t\t<div class=\"elementor-widget-container\">\n\t\t\t<h2 class=\"elementor-heading-title elementor-size-default\">Despu\u00e9s de la Puesta en Marcha de la Laguna<\/h2>\t\t<\/div>\n\t\t\t\t<\/div>\n\t\t\t\t<div class=\"elementor-element elementor-element-c3781ed elementor-widget elementor-widget-text-editor\" data-id=\"c3781ed\" data-element_type=\"widget\" data-widget_type=\"text-editor.default\">\n\t\t\t\t<div class=\"elementor-widget-container\">\n\t\t\t\t\t\t\t<ul class=\"wwo-list\"><li><b>Orientaci\u00f3n y supervisi\u00f3n de mantenimiento<\/b>, visitas de operaci\u00f3n de rutina y de emergencia<\/li><li><b>Capacitaci\u00f3n<\/b>\u00a0del personal local y del personal de mantenimiento<\/li><li><b>Sistema de operaci\u00f3n telem\u00e9trica 24\/7<\/b>\u00a0administrado en l\u00ednea por el Centro de Control de Crystal Lagoons. La aplicaci\u00f3n de aditivos es determinada electr\u00f3nicamente por inyectores y sensores ubicados estrat\u00e9gicamente en la Laguna reportando las propiedades f\u00edsico-qu\u00edmicas del agua<\/li><li>Acceso a\u00a0<b>nuevos desarrollos<\/b>\u00a0y mejoras durante la vigencia de la licencia<\/li><li>Acceso a\u00a0<b>equipos exclusivos<\/b><\/li><\/ul>\t\t\t\t\t\t<\/div>\n\t\t\t\t<\/div>\n\t\t\t\t\t<\/div>\n\t\t<\/div>\n\t\t\t\t\t\t\t<\/div>\n\t\t<\/section>\n\t\t\t\t\t\t\t<\/div>\n\t\t","protected":false},"excerpt":{"rendered":"<p>Qu\u00e9 Ofrecemos Descripci\u00f3n General y Beneficios Crystal Lagoons ha desarrollado y patentado un concepto y una tecnolog\u00eda que permite construir y mantener lagunas cristalinas de tama\u00f1o ilimitado a muy bajo costo de manera sustentable. A trav\u00e9s de un acuerdo de licencia o asociaci\u00f3n, los desarrolladores pueden acceder al Sistema Crystal Lagoons\u00ae y a toda la [&hellip;]<\/p>\n","protected":false},"author":2,"featured_media":0,"parent":0,"menu_order":0,"comment_status":"closed","ping_status":"closed","template":"elementor_header_footer","meta":{"footnotes":""},"class_list":["post-2400","page","type-page","status-publish","hentry"],"acf":[],"yoast_head":"<!-- This site is optimized with the Yoast SEO plugin v20.2.1 - https:\/\/yoast.com\/wordpress\/plugins\/seo\/ -->\n<title>What We Offer - Crystal Lagoons<\/title>\n<meta name=\"robots\" content=\"noindex, follow, max-snippet:-1, max-image-preview:large, max-video-preview:-1\" \/>\n<meta property=\"og:locale\" content=\"es_ES\" \/>\n<meta property=\"og:type\" content=\"article\" \/>\n<meta property=\"og:title\" content=\"What We Offer - Crystal Lagoons\" \/>\n<meta property=\"og:description\" content=\"Qu\u00e9 Ofrecemos Descripci\u00f3n General y Beneficios Crystal Lagoons ha desarrollado y patentado un concepto y una tecnolog\u00eda que permite construir y mantener lagunas cristalinas de tama\u00f1o ilimitado a muy bajo costo de manera sustentable. A trav\u00e9s de un acuerdo de licencia o asociaci\u00f3n, los desarrolladores pueden acceder al Sistema Crystal Lagoons\u00ae y a toda la [&hellip;]\" \/>\n<meta property=\"og:url\" content=\"https:\/\/crystaltest.canalcero.digital\/what-we-offer\/\" \/>\n<meta property=\"og:site_name\" content=\"Crystal Lagoons\" \/>\n<meta property=\"article:modified_time\" content=\"2023-02-21T18:53:42+00:00\" \/>\n<meta property=\"og:image\" content=\"https:\/\/crystaltest.canalcero.digital\/wp-content\/uploads\/2022\/08\/Sello-Technology-Patents-Business-Method-Patents-OK-12-julio-2022-1.png\" \/>\n<meta name=\"twitter:card\" content=\"summary_large_image\" \/>\n<meta name=\"twitter:label1\" content=\"Tiempo de lectura\" \/>\n\t<meta name=\"twitter:data1\" content=\"2 minutos\" \/>\n<script type=\"application\/ld+json\" class=\"yoast-schema-graph\">{\"@context\":\"https:\/\/schema.org\",\"@graph\":[{\"@type\":\"WebPage\",\"@id\":\"https:\/\/crystaltest.canalcero.digital\/what-we-offer\/\",\"url\":\"https:\/\/crystaltest.canalcero.digital\/what-we-offer\/\",\"name\":\"What We Offer - Crystal Lagoons\",\"isPartOf\":{\"@id\":\"https:\/\/crystaltest.canalcero.digital\/en\/#website\"},\"datePublished\":\"2022-10-17T18:19:03+00:00\",\"dateModified\":\"2023-02-21T18:53:42+00:00\",\"breadcrumb\":{\"@id\":\"https:\/\/crystaltest.canalcero.digital\/what-we-offer\/#breadcrumb\"},\"inLanguage\":\"es\",\"potentialAction\":[{\"@type\":\"ReadAction\",\"target\":[\"https:\/\/crystaltest.canalcero.digital\/what-we-offer\/\"]}]},{\"@type\":\"BreadcrumbList\",\"@id\":\"https:\/\/crystaltest.canalcero.digital\/what-we-offer\/#breadcrumb\",\"itemListElement\":[{\"@type\":\"ListItem\",\"position\":1,\"name\":\"Portada\",\"item\":\"https:\/\/crystaltest.canalcero.digital\/es\/\"},{\"@type\":\"ListItem\",\"position\":2,\"name\":\"What We Offer\"}]},{\"@type\":\"WebSite\",\"@id\":\"https:\/\/crystaltest.canalcero.digital\/en\/#website\",\"url\":\"https:\/\/crystaltest.canalcero.digital\/en\/\",\"name\":\"Crystal Lagoons\",\"description\":\"\",\"potentialAction\":[{\"@type\":\"SearchAction\",\"target\":{\"@type\":\"EntryPoint\",\"urlTemplate\":\"https:\/\/crystaltest.canalcero.digital\/en\/?s={search_term_string}\"},\"query-input\":\"required name=search_term_string\"}],\"inLanguage\":\"es\"}]}<\/script>\n<!-- \/ Yoast SEO plugin. -->","yoast_head_json":{"title":"What We Offer - Crystal Lagoons","robots":{"index":"noindex","follow":"follow","max-snippet":"max-snippet:-1","max-image-preview":"max-image-preview:large","max-video-preview":"max-video-preview:-1"},"og_locale":"es_ES","og_type":"article","og_title":"What We Offer - Crystal Lagoons","og_description":"Qu\u00e9 Ofrecemos Descripci\u00f3n General y Beneficios Crystal Lagoons ha desarrollado y patentado un concepto y una tecnolog\u00eda que permite construir y mantener lagunas cristalinas de tama\u00f1o ilimitado a muy bajo costo de manera sustentable. A trav\u00e9s de un acuerdo de licencia o asociaci\u00f3n, los desarrolladores pueden acceder al Sistema Crystal Lagoons\u00ae y a toda la [&hellip;]","og_url":"https:\/\/crystaltest.canalcero.digital\/what-we-offer\/","og_site_name":"Crystal Lagoons","article_modified_time":"2023-02-21T18:53:42+00:00","og_image":[{"url":"https:\/\/crystaltest.canalcero.digital\/wp-content\/uploads\/2022\/08\/Sello-Technology-Patents-Business-Method-Patents-OK-12-julio-2022-1.png"}],"twitter_card":"summary_large_image","twitter_misc":{"Tiempo de lectura":"2 minutos"},"schema":{"@context":"https:\/\/schema.org","@graph":[{"@type":"WebPage","@id":"https:\/\/crystaltest.canalcero.digital\/what-we-offer\/","url":"https:\/\/crystaltest.canalcero.digital\/what-we-offer\/","name":"What We Offer - Crystal Lagoons","isPartOf":{"@id":"https:\/\/crystaltest.canalcero.digital\/en\/#website"},"datePublished":"2022-10-17T18:19:03+00:00","dateModified":"2023-02-21T18:53:42+00:00","breadcrumb":{"@id":"https:\/\/crystaltest.canalcero.digital\/what-we-offer\/#breadcrumb"},"inLanguage":"es","potentialAction":[{"@type":"ReadAction","target":["https:\/\/crystaltest.canalcero.digital\/what-we-offer\/"]}]},{"@type":"BreadcrumbList","@id":"https:\/\/crystaltest.canalcero.digital\/what-we-offer\/#breadcrumb","itemListElement":[{"@type":"ListItem","position":1,"name":"Portada","item":"https:\/\/crystaltest.canalcero.digital\/es\/"},{"@type":"ListItem","position":2,"name":"What We Offer"}]},{"@type":"WebSite","@id":"https:\/\/crystaltest.canalcero.digital\/en\/#website","url":"https:\/\/crystaltest.canalcero.digital\/en\/","name":"Crystal Lagoons","description":"","potentialAction":[{"@type":"SearchAction","target":{"@type":"EntryPoint","urlTemplate":"https:\/\/crystaltest.canalcero.digital\/en\/?s={search_term_string}"},"query-input":"required name=search_term_string"}],"inLanguage":"es"}]}},"_links":{"self":[{"href":"https:\/\/crystaltest.canalcero.digital\/es\/wp-json\/wp\/v2\/pages\/2400","targetHints":{"allow":["GET"]}}],"collection":[{"href":"https:\/\/crystaltest.canalcero.digital\/es\/wp-json\/wp\/v2\/pages"}],"about":[{"href":"https:\/\/crystaltest.canalcero.digital\/es\/wp-json\/wp\/v2\/types\/page"}],"author":[{"embeddable":true,"href":"https:\/\/crystaltest.canalcero.digital\/es\/wp-json\/wp\/v2\/users\/2"}],"replies":[{"embeddable":true,"href":"https:\/\/crystaltest.canalcero.digital\/es\/wp-json\/wp\/v2\/comments?post=2400"}],"version-history":[{"count":48,"href":"https:\/\/crystaltest.canalcero.digital\/es\/wp-json\/wp\/v2\/pages\/2400\/revisions"}],"predecessor-version":[{"id":4399,"href":"https:\/\/crystaltest.canalcero.digital\/es\/wp-json\/wp\/v2\/pages\/2400\/revisions\/4399"}],"wp:attachment":[{"href":"https:\/\/crystaltest.canalcero.digital\/es\/wp-json\/wp\/v2\/media?parent=2400"}],"curies":[{"name":"wp","href":"https:\/\/api.w.org\/{rel}","templated":true}]}}